{"id":26,"date":"2025-12-05T15:26:55","date_gmt":"2025-12-05T14:26:55","guid":{"rendered":"https:\/\/arial.fiole.net\/wordpress\/?page_id=26"},"modified":"2026-01-09T15:57:17","modified_gmt":"2026-01-09T14:57:17","slug":"page-membre-3","status":"publish","type":"page","link":"https:\/\/arial.fiole.net\/wordpress\/page-equipe\/page-membre-3\/","title":{"rendered":"Romain TROUILLET"},"content":{"rendered":"\n<div class=\"wp-block-cover\" style=\"border-top-left-radius:35px;border-top-right-radius:35px;border-bottom-left-radius:35px;border-bottom-right-radius:35px;min-height:500px;aspect-ratio:unset;\"><img loading=\"lazy\" decoding=\"async\" width=\"740\" height=\"1024\" class=\"wp-block-cover__image-background wp-image-72 size-large\" alt=\"Photo de Romain Trouillet, int\u00e9grateur web de l'agence\" src=\"https:\/\/arial.fiole.net\/wordpress\/wp-content\/uploads\/2025\/12\/IMG_0615-740x1024.jpg\" data-object-fit=\"cover\" srcset=\"https:\/\/arial.fiole.net\/wordpress\/wp-content\/uploads\/2025\/12\/IMG_0615-740x1024.jpg 740w, https:\/\/arial.fiole.net\/wordpress\/wp-content\/uploads\/2025\/12\/IMG_0615-217x300.jpg 217w, https:\/\/arial.fiole.net\/wordpress\/wp-content\/uploads\/2025\/12\/IMG_0615-768x1062.jpg 768w, https:\/\/arial.fiole.net\/wordpress\/wp-content\/uploads\/2025\/12\/IMG_0615-1110x1536.jpg 1110w, https:\/\/arial.fiole.net\/wordpress\/wp-content\/uploads\/2025\/12\/IMG_0615.jpg 1242w\" sizes=\"auto, (max-width: 740px) 100vw, 740px\" \/><span aria-hidden=\"true\" class=\"wp-block-cover__background has-primary-hover-background-color has-background-dim\"><\/span><div class=\"wp-block-cover__inner-container is-layout-flow wp-block-cover-is-layout-flow\">\n<p class=\"has-text-align-center has-large-font-size\"><\/p>\n<\/div><\/div>\n\n\n\n<p>Romain est le garant du contenu et du discours du groupe. Il r\u00e9dige avec pr\u00e9cision et impact, qu\u2019il s\u2019agisse de messages promotionnels, de contenus informatifs ou de strat\u00e9gies \u00e9ditoriales. Son r\u00f4le sur la partie acquisition lui permet d\u2019identifier les bons leviers de visibilit\u00e9, d\u2019adapter les messages et d\u2019assurer une communication coh\u00e9rente pour toucher efficacement les cibles.<\/p>\n\n\n\n<p><strong>Comp\u00e9tences :<\/strong><\/p>\n\n\n\n<ul class=\"wp-block-list\">\n<li>R\u00e9dacteur<\/li>\n\n\n\n<li>Charg\u00e9 de communication<\/li>\n\n\n\n<li>Responsable d&rsquo;acquisition<\/li>\n<\/ul>\n\n\n\n<div class=\"wp-block-buttons is-layout-flex wp-block-buttons-is-layout-flex\">\n<div class=\"wp-block-button\"><a class=\"wp-block-button__link wp-element-button\" href=\"https:\/\/arial.fiole.net\/wordpress\/page-equipe\/\">L&rsquo;\u00c9quipe au global<\/a><\/div>\n<\/div>\n","protected":false},"excerpt":{"rendered":"<p>Romain est le garant du contenu et du discours du groupe. Il r\u00e9dige avec pr\u00e9cision et impact, qu\u2019il s\u2019agisse de messages promotionnels, de contenus informatifs ou de strat\u00e9gies \u00e9ditoriales. Son r\u00f4le sur la partie acquisition lui permet d\u2019identifier les bons leviers de visibilit\u00e9, d\u2019adapter les messages et d\u2019assurer une communication coh\u00e9rente pour toucher efficacement les [&hellip;]<\/p>\n","protected":false},"author":1,"featured_media":0,"parent":12,"menu_order":0,"comment_status":"closed","ping_status":"closed","template":"","meta":{"footnotes":""},"class_list":["post-26","page","type-page","status-publish","hentry"],"yoast_head":"<!-- This site is optimized with the Yoast SEO plugin v26.7 - https:\/\/yoast.com\/wordpress\/plugins\/seo\/ -->\n<title>Romain TROUILLET - ArialParo<\/title>\n<meta name=\"robots\" content=\"noindex, follow, max-snippet:-1, max-image-preview:large, max-video-preview:-1\" \/>\n<meta property=\"og:locale\" content=\"fr_FR\" \/>\n<meta property=\"og:type\" content=\"article\" \/>\n<meta property=\"og:title\" content=\"Romain TROUILLET - ArialParo\" \/>\n<meta property=\"og:description\" content=\"Romain est le garant du contenu et du discours du groupe. Il r\u00e9dige avec pr\u00e9cision et impact, qu\u2019il s\u2019agisse de messages promotionnels, de contenus informatifs ou de strat\u00e9gies \u00e9ditoriales. Son r\u00f4le sur la partie acquisition lui permet d\u2019identifier les bons leviers de visibilit\u00e9, d\u2019adapter les messages et d\u2019assurer une communication coh\u00e9rente pour toucher efficacement les [&hellip;]\" \/>\n<meta property=\"og:url\" content=\"https:\/\/arial.fiole.net\/wordpress\/page-equipe\/page-membre-3\/\" \/>\n<meta property=\"og:site_name\" content=\"ArialParo\" \/>\n<meta property=\"article:modified_time\" content=\"2026-01-09T14:57:17+00:00\" \/>\n<meta property=\"og:image\" content=\"https:\/\/arial.fiole.net\/wordpress\/wp-content\/uploads\/2025\/12\/IMG_0615.jpg\" \/>\n\t<meta property=\"og:image:width\" content=\"1242\" \/>\n\t<meta property=\"og:image:height\" content=\"1718\" \/>\n\t<meta property=\"og:image:type\" content=\"image\/jpeg\" \/>\n<meta name=\"twitter:card\" content=\"summary_large_image\" \/>\n<meta name=\"twitter:label1\" content=\"Dur\u00e9e de lecture estim\u00e9e\" \/>\n\t<meta name=\"twitter:data1\" content=\"1 minute\" \/>\n<script type=\"application\/ld+json\" class=\"yoast-schema-graph\">{\"@context\":\"https:\/\/schema.org\",\"@graph\":[{\"@type\":\"WebPage\",\"@id\":\"https:\/\/arial.fiole.net\/wordpress\/page-equipe\/page-membre-3\/\",\"url\":\"https:\/\/arial.fiole.net\/wordpress\/page-equipe\/page-membre-3\/\",\"name\":\"Romain TROUILLET - ArialParo\",\"isPartOf\":{\"@id\":\"https:\/\/arial.fiole.net\/wordpress\/#website\"},\"primaryImageOfPage\":{\"@id\":\"https:\/\/arial.fiole.net\/wordpress\/page-equipe\/page-membre-3\/#primaryimage\"},\"image\":{\"@id\":\"https:\/\/arial.fiole.net\/wordpress\/page-equipe\/page-membre-3\/#primaryimage\"},\"thumbnailUrl\":\"https:\/\/arial.fiole.net\/wordpress\/wp-content\/uploads\/2025\/12\/IMG_0615-740x1024.jpg\",\"datePublished\":\"2025-12-05T14:26:55+00:00\",\"dateModified\":\"2026-01-09T14:57:17+00:00\",\"breadcrumb\":{\"@id\":\"https:\/\/arial.fiole.net\/wordpress\/page-equipe\/page-membre-3\/#breadcrumb\"},\"inLanguage\":\"fr-FR\",\"potentialAction\":[{\"@type\":\"ReadAction\",\"target\":[\"https:\/\/arial.fiole.net\/wordpress\/page-equipe\/page-membre-3\/\"]}]},{\"@type\":\"ImageObject\",\"inLanguage\":\"fr-FR\",\"@id\":\"https:\/\/arial.fiole.net\/wordpress\/page-equipe\/page-membre-3\/#primaryimage\",\"url\":\"https:\/\/arial.fiole.net\/wordpress\/wp-content\/uploads\/2025\/12\/IMG_0615.jpg\",\"contentUrl\":\"https:\/\/arial.fiole.net\/wordpress\/wp-content\/uploads\/2025\/12\/IMG_0615.jpg\",\"width\":1242,\"height\":1718,\"caption\":\"CjUKMVNuYXBjaGF0LzEzLjY1LjIuMCAoaVBob25lMTQsNzsgaU9TIDI2LjAuMTsgZ3ppcCkgAQ==\"},{\"@type\":\"BreadcrumbList\",\"@id\":\"https:\/\/arial.fiole.net\/wordpress\/page-equipe\/page-membre-3\/#breadcrumb\",\"itemListElement\":[{\"@type\":\"ListItem\",\"position\":1,\"name\":\"Accueil\",\"item\":\"https:\/\/arial.fiole.net\/wordpress\/\"},{\"@type\":\"ListItem\",\"position\":2,\"name\":\"\u00c9quipe\",\"item\":\"https:\/\/arial.fiole.net\/wordpress\/page-equipe\/\"},{\"@type\":\"ListItem\",\"position\":3,\"name\":\"Romain TROUILLET\"}]},{\"@type\":\"WebSite\",\"@id\":\"https:\/\/arial.fiole.net\/wordpress\/#website\",\"url\":\"https:\/\/arial.fiole.net\/wordpress\/\",\"name\":\"ArialParo\",\"description\":\"\",\"potentialAction\":[{\"@type\":\"SearchAction\",\"target\":{\"@type\":\"EntryPoint\",\"urlTemplate\":\"https:\/\/arial.fiole.net\/wordpress\/?s={search_term_string}\"},\"query-input\":{\"@type\":\"PropertyValueSpecification\",\"valueRequired\":true,\"valueName\":\"search_term_string\"}}],\"inLanguage\":\"fr-FR\"}]}<\/script>\n<!-- \/ Yoast SEO plugin. -->","yoast_head_json":{"title":"Romain TROUILLET - ArialParo","robots":{"index":"noindex","follow":"follow","max-snippet":"max-snippet:-1","max-image-preview":"max-image-preview:large","max-video-preview":"max-video-preview:-1"},"og_locale":"fr_FR","og_type":"article","og_title":"Romain TROUILLET - ArialParo","og_description":"Romain est le garant du contenu et du discours du groupe. Il r\u00e9dige avec pr\u00e9cision et impact, qu\u2019il s\u2019agisse de messages promotionnels, de contenus informatifs ou de strat\u00e9gies \u00e9ditoriales. Son r\u00f4le sur la partie acquisition lui permet d\u2019identifier les bons leviers de visibilit\u00e9, d\u2019adapter les messages et d\u2019assurer une communication coh\u00e9rente pour toucher efficacement les [&hellip;]","og_url":"https:\/\/arial.fiole.net\/wordpress\/page-equipe\/page-membre-3\/","og_site_name":"ArialParo","article_modified_time":"2026-01-09T14:57:17+00:00","og_image":[{"width":1242,"height":1718,"url":"https:\/\/arial.fiole.net\/wordpress\/wp-content\/uploads\/2025\/12\/IMG_0615.jpg","type":"image\/jpeg"}],"twitter_card":"summary_large_image","twitter_misc":{"Dur\u00e9e de lecture estim\u00e9e":"1 minute"},"schema":{"@context":"https:\/\/schema.org","@graph":[{"@type":"WebPage","@id":"https:\/\/arial.fiole.net\/wordpress\/page-equipe\/page-membre-3\/","url":"https:\/\/arial.fiole.net\/wordpress\/page-equipe\/page-membre-3\/","name":"Romain TROUILLET - ArialParo","isPartOf":{"@id":"https:\/\/arial.fiole.net\/wordpress\/#website"},"primaryImageOfPage":{"@id":"https:\/\/arial.fiole.net\/wordpress\/page-equipe\/page-membre-3\/#primaryimage"},"image":{"@id":"https:\/\/arial.fiole.net\/wordpress\/page-equipe\/page-membre-3\/#primaryimage"},"thumbnailUrl":"https:\/\/arial.fiole.net\/wordpress\/wp-content\/uploads\/2025\/12\/IMG_0615-740x1024.jpg","datePublished":"2025-12-05T14:26:55+00:00","dateModified":"2026-01-09T14:57:17+00:00","breadcrumb":{"@id":"https:\/\/arial.fiole.net\/wordpress\/page-equipe\/page-membre-3\/#breadcrumb"},"inLanguage":"fr-FR","potentialAction":[{"@type":"ReadAction","target":["https:\/\/arial.fiole.net\/wordpress\/page-equipe\/page-membre-3\/"]}]},{"@type":"ImageObject","inLanguage":"fr-FR","@id":"https:\/\/arial.fiole.net\/wordpress\/page-equipe\/page-membre-3\/#primaryimage","url":"https:\/\/arial.fiole.net\/wordpress\/wp-content\/uploads\/2025\/12\/IMG_0615.jpg","contentUrl":"https:\/\/arial.fiole.net\/wordpress\/wp-content\/uploads\/2025\/12\/IMG_0615.jpg","width":1242,"height":1718,"caption":"CjUKMVNuYXBjaGF0LzEzLjY1LjIuMCAoaVBob25lMTQsNzsgaU9TIDI2LjAuMTsgZ3ppcCkgAQ=="},{"@type":"BreadcrumbList","@id":"https:\/\/arial.fiole.net\/wordpress\/page-equipe\/page-membre-3\/#breadcrumb","itemListElement":[{"@type":"ListItem","position":1,"name":"Accueil","item":"https:\/\/arial.fiole.net\/wordpress\/"},{"@type":"ListItem","position":2,"name":"\u00c9quipe","item":"https:\/\/arial.fiole.net\/wordpress\/page-equipe\/"},{"@type":"ListItem","position":3,"name":"Romain TROUILLET"}]},{"@type":"WebSite","@id":"https:\/\/arial.fiole.net\/wordpress\/#website","url":"https:\/\/arial.fiole.net\/wordpress\/","name":"ArialParo","description":"","potentialAction":[{"@type":"SearchAction","target":{"@type":"EntryPoint","urlTemplate":"https:\/\/arial.fiole.net\/wordpress\/?s={search_term_string}"},"query-input":{"@type":"PropertyValueSpecification","valueRequired":true,"valueName":"search_term_string"}}],"inLanguage":"fr-FR"}]}},"_links":{"self":[{"href":"https:\/\/arial.fiole.net\/wordpress\/wp-json\/wp\/v2\/pages\/26","targetHints":{"allow":["GET"]}}],"collection":[{"href":"https:\/\/arial.fiole.net\/wordpress\/wp-json\/wp\/v2\/pages"}],"about":[{"href":"https:\/\/arial.fiole.net\/wordpress\/wp-json\/wp\/v2\/types\/page"}],"author":[{"embeddable":true,"href":"https:\/\/arial.fiole.net\/wordpress\/wp-json\/wp\/v2\/users\/1"}],"replies":[{"embeddable":true,"href":"https:\/\/arial.fiole.net\/wordpress\/wp-json\/wp\/v2\/comments?post=26"}],"version-history":[{"count":12,"href":"https:\/\/arial.fiole.net\/wordpress\/wp-json\/wp\/v2\/pages\/26\/revisions"}],"predecessor-version":[{"id":195,"href":"https:\/\/arial.fiole.net\/wordpress\/wp-json\/wp\/v2\/pages\/26\/revisions\/195"}],"up":[{"embeddable":true,"href":"https:\/\/arial.fiole.net\/wordpress\/wp-json\/wp\/v2\/pages\/12"}],"wp:attachment":[{"href":"https:\/\/arial.fiole.net\/wordpress\/wp-json\/wp\/v2\/media?parent=26"}],"curies":[{"name":"wp","href":"https:\/\/api.w.org\/{rel}","templated":true}]}}