{"id":19,"date":"2025-12-05T15:26:46","date_gmt":"2025-12-05T14:26:46","guid":{"rendered":"https:\/\/arial.fiole.net\/wordpress\/?page_id=19"},"modified":"2026-01-09T15:56:43","modified_gmt":"2026-01-09T14:56:43","slug":"page-membre-2","status":"publish","type":"page","link":"https:\/\/arial.fiole.net\/wordpress\/page-equipe\/page-membre-2\/","title":{"rendered":"Marine GEORGET"},"content":{"rendered":"\n<div class=\"wp-block-cover\" style=\"border-style:none;border-width:0px;border-top-left-radius:35px;border-top-right-radius:35px;border-bottom-left-radius:35px;border-bottom-right-radius:35px;margin-top:0;margin-bottom:0;min-height:500px;aspect-ratio:unset;\"><img loading=\"lazy\" decoding=\"async\" width=\"768\" height=\"1024\" class=\"wp-block-cover__image-background wp-image-18 size-large\" alt=\"Photo de Marine Georget, Community Manager de l'agence web\" src=\"https:\/\/arial.fiole.net\/wordpress\/wp-content\/uploads\/2025\/12\/IMG_6835-768x1024.jpg\" data-object-fit=\"cover\" srcset=\"https:\/\/arial.fiole.net\/wordpress\/wp-content\/uploads\/2025\/12\/IMG_6835-768x1024.jpg 768w, https:\/\/arial.fiole.net\/wordpress\/wp-content\/uploads\/2025\/12\/IMG_6835-225x300.jpg 225w, https:\/\/arial.fiole.net\/wordpress\/wp-content\/uploads\/2025\/12\/IMG_6835-1152x1536.jpg 1152w, https:\/\/arial.fiole.net\/wordpress\/wp-content\/uploads\/2025\/12\/IMG_6835-1536x2048.jpg 1536w, https:\/\/arial.fiole.net\/wordpress\/wp-content\/uploads\/2025\/12\/IMG_6835-scaled.jpg 1920w\" sizes=\"auto, (max-width: 768px) 100vw, 768px\" \/><span aria-hidden=\"true\" class=\"wp-block-cover__background has-primary-hover-background-color has-background-dim\"><\/span><div class=\"wp-block-cover__inner-container is-layout-flow wp-block-cover-is-layout-flow\">\n<p><\/p>\n<\/div><\/div>\n\n\n\n<p>Marine incarne la voix du groupe sur les diff\u00e9rents canaux de communication. Elle g\u00e8re la relation avec les audiences, d\u00e9veloppe une pr\u00e9sence dynamique sur les r\u00e9seaux sociaux et structure le discours de marque. Sa capacit\u00e9 \u00e0 analyser les interactions, \u00e0 cr\u00e9er des contenus engageants et \u00e0 coordonner les prises de parole renforce la notori\u00e9t\u00e9 et l\u2019image globale du projet.<\/p>\n\n\n\n<p><strong>Comp\u00e9tences :<\/strong><\/p>\n\n\n\n<ul class=\"wp-block-list\">\n<li>Community Manager <\/li>\n\n\n\n<li>Directrice de la communication<\/li>\n\n\n\n<li>Gestion de la communication interne de l&rsquo;agence web<\/li>\n<\/ul>\n\n\n\n<div class=\"wp-block-buttons is-layout-flex wp-block-buttons-is-layout-flex\">\n<div class=\"wp-block-button\"><a class=\"wp-block-button__link wp-element-button\" href=\"https:\/\/arial.fiole.net\/wordpress\/page-equipe\/\">L&rsquo;\u00c9quipe au global<\/a><\/div>\n<\/div>\n","protected":false},"excerpt":{"rendered":"<p>Marine incarne la voix du groupe sur les diff\u00e9rents canaux de communication. Elle g\u00e8re la relation avec les audiences, d\u00e9veloppe une pr\u00e9sence dynamique sur les r\u00e9seaux sociaux et structure le discours de marque. Sa capacit\u00e9 \u00e0 analyser les interactions, \u00e0 cr\u00e9er des contenus engageants et \u00e0 coordonner les prises de parole renforce la notori\u00e9t\u00e9 et [&hellip;]<\/p>\n","protected":false},"author":1,"featured_media":0,"parent":12,"menu_order":0,"comment_status":"closed","ping_status":"closed","template":"","meta":{"footnotes":""},"class_list":["post-19","page","type-page","status-publish","hentry"],"yoast_head":"<!-- This site is optimized with the Yoast SEO plugin v26.7 - https:\/\/yoast.com\/wordpress\/plugins\/seo\/ -->\n<title>Marine GEORGET - ArialParo<\/title>\n<meta name=\"robots\" content=\"noindex, follow, max-snippet:-1, max-image-preview:large, max-video-preview:-1\" \/>\n<meta property=\"og:locale\" content=\"fr_FR\" \/>\n<meta property=\"og:type\" content=\"article\" \/>\n<meta property=\"og:title\" content=\"Marine GEORGET - ArialParo\" \/>\n<meta property=\"og:description\" content=\"Marine incarne la voix du groupe sur les diff\u00e9rents canaux de communication. Elle g\u00e8re la relation avec les audiences, d\u00e9veloppe une pr\u00e9sence dynamique sur les r\u00e9seaux sociaux et structure le discours de marque. Sa capacit\u00e9 \u00e0 analyser les interactions, \u00e0 cr\u00e9er des contenus engageants et \u00e0 coordonner les prises de parole renforce la notori\u00e9t\u00e9 et [&hellip;]\" \/>\n<meta property=\"og:url\" content=\"https:\/\/arial.fiole.net\/wordpress\/page-equipe\/page-membre-2\/\" \/>\n<meta property=\"og:site_name\" content=\"ArialParo\" \/>\n<meta property=\"article:modified_time\" content=\"2026-01-09T14:56:43+00:00\" \/>\n<meta name=\"twitter:card\" content=\"summary_large_image\" \/>\n<meta name=\"twitter:label1\" content=\"Dur\u00e9e de lecture estim\u00e9e\" \/>\n\t<meta name=\"twitter:data1\" content=\"1 minute\" \/>\n<script type=\"application\/ld+json\" class=\"yoast-schema-graph\">{\"@context\":\"https:\/\/schema.org\",\"@graph\":[{\"@type\":\"WebPage\",\"@id\":\"https:\/\/arial.fiole.net\/wordpress\/page-equipe\/page-membre-2\/\",\"url\":\"https:\/\/arial.fiole.net\/wordpress\/page-equipe\/page-membre-2\/\",\"name\":\"Marine GEORGET - ArialParo\",\"isPartOf\":{\"@id\":\"https:\/\/arial.fiole.net\/wordpress\/#website\"},\"primaryImageOfPage\":{\"@id\":\"https:\/\/arial.fiole.net\/wordpress\/page-equipe\/page-membre-2\/#primaryimage\"},\"image\":{\"@id\":\"https:\/\/arial.fiole.net\/wordpress\/page-equipe\/page-membre-2\/#primaryimage\"},\"thumbnailUrl\":\"https:\/\/arial.fiole.net\/wordpress\/wp-content\/uploads\/2025\/12\/IMG_6835-768x1024.jpg\",\"datePublished\":\"2025-12-05T14:26:46+00:00\",\"dateModified\":\"2026-01-09T14:56:43+00:00\",\"breadcrumb\":{\"@id\":\"https:\/\/arial.fiole.net\/wordpress\/page-equipe\/page-membre-2\/#breadcrumb\"},\"inLanguage\":\"fr-FR\",\"potentialAction\":[{\"@type\":\"ReadAction\",\"target\":[\"https:\/\/arial.fiole.net\/wordpress\/page-equipe\/page-membre-2\/\"]}]},{\"@type\":\"ImageObject\",\"inLanguage\":\"fr-FR\",\"@id\":\"https:\/\/arial.fiole.net\/wordpress\/page-equipe\/page-membre-2\/#primaryimage\",\"url\":\"https:\/\/arial.fiole.net\/wordpress\/wp-content\/uploads\/2025\/12\/IMG_6835-scaled.jpg\",\"contentUrl\":\"https:\/\/arial.fiole.net\/wordpress\/wp-content\/uploads\/2025\/12\/IMG_6835-scaled.jpg\",\"width\":1920,\"height\":2560,\"caption\":\"Photo de Marine Georget, Community Manager de l'agence web\"},{\"@type\":\"BreadcrumbList\",\"@id\":\"https:\/\/arial.fiole.net\/wordpress\/page-equipe\/page-membre-2\/#breadcrumb\",\"itemListElement\":[{\"@type\":\"ListItem\",\"position\":1,\"name\":\"Accueil\",\"item\":\"https:\/\/arial.fiole.net\/wordpress\/\"},{\"@type\":\"ListItem\",\"position\":2,\"name\":\"\u00c9quipe\",\"item\":\"https:\/\/arial.fiole.net\/wordpress\/page-equipe\/\"},{\"@type\":\"ListItem\",\"position\":3,\"name\":\"Marine GEORGET\"}]},{\"@type\":\"WebSite\",\"@id\":\"https:\/\/arial.fiole.net\/wordpress\/#website\",\"url\":\"https:\/\/arial.fiole.net\/wordpress\/\",\"name\":\"ArialParo\",\"description\":\"\",\"potentialAction\":[{\"@type\":\"SearchAction\",\"target\":{\"@type\":\"EntryPoint\",\"urlTemplate\":\"https:\/\/arial.fiole.net\/wordpress\/?s={search_term_string}\"},\"query-input\":{\"@type\":\"PropertyValueSpecification\",\"valueRequired\":true,\"valueName\":\"search_term_string\"}}],\"inLanguage\":\"fr-FR\"}]}<\/script>\n<!-- \/ Yoast SEO plugin. -->","yoast_head_json":{"title":"Marine GEORGET - ArialParo","robots":{"index":"noindex","follow":"follow","max-snippet":"max-snippet:-1","max-image-preview":"max-image-preview:large","max-video-preview":"max-video-preview:-1"},"og_locale":"fr_FR","og_type":"article","og_title":"Marine GEORGET - ArialParo","og_description":"Marine incarne la voix du groupe sur les diff\u00e9rents canaux de communication. Elle g\u00e8re la relation avec les audiences, d\u00e9veloppe une pr\u00e9sence dynamique sur les r\u00e9seaux sociaux et structure le discours de marque. Sa capacit\u00e9 \u00e0 analyser les interactions, \u00e0 cr\u00e9er des contenus engageants et \u00e0 coordonner les prises de parole renforce la notori\u00e9t\u00e9 et [&hellip;]","og_url":"https:\/\/arial.fiole.net\/wordpress\/page-equipe\/page-membre-2\/","og_site_name":"ArialParo","article_modified_time":"2026-01-09T14:56:43+00:00","twitter_card":"summary_large_image","twitter_misc":{"Dur\u00e9e de lecture estim\u00e9e":"1 minute"},"schema":{"@context":"https:\/\/schema.org","@graph":[{"@type":"WebPage","@id":"https:\/\/arial.fiole.net\/wordpress\/page-equipe\/page-membre-2\/","url":"https:\/\/arial.fiole.net\/wordpress\/page-equipe\/page-membre-2\/","name":"Marine GEORGET - ArialParo","isPartOf":{"@id":"https:\/\/arial.fiole.net\/wordpress\/#website"},"primaryImageOfPage":{"@id":"https:\/\/arial.fiole.net\/wordpress\/page-equipe\/page-membre-2\/#primaryimage"},"image":{"@id":"https:\/\/arial.fiole.net\/wordpress\/page-equipe\/page-membre-2\/#primaryimage"},"thumbnailUrl":"https:\/\/arial.fiole.net\/wordpress\/wp-content\/uploads\/2025\/12\/IMG_6835-768x1024.jpg","datePublished":"2025-12-05T14:26:46+00:00","dateModified":"2026-01-09T14:56:43+00:00","breadcrumb":{"@id":"https:\/\/arial.fiole.net\/wordpress\/page-equipe\/page-membre-2\/#breadcrumb"},"inLanguage":"fr-FR","potentialAction":[{"@type":"ReadAction","target":["https:\/\/arial.fiole.net\/wordpress\/page-equipe\/page-membre-2\/"]}]},{"@type":"ImageObject","inLanguage":"fr-FR","@id":"https:\/\/arial.fiole.net\/wordpress\/page-equipe\/page-membre-2\/#primaryimage","url":"https:\/\/arial.fiole.net\/wordpress\/wp-content\/uploads\/2025\/12\/IMG_6835-scaled.jpg","contentUrl":"https:\/\/arial.fiole.net\/wordpress\/wp-content\/uploads\/2025\/12\/IMG_6835-scaled.jpg","width":1920,"height":2560,"caption":"Photo de Marine Georget, Community Manager de l'agence web"},{"@type":"BreadcrumbList","@id":"https:\/\/arial.fiole.net\/wordpress\/page-equipe\/page-membre-2\/#breadcrumb","itemListElement":[{"@type":"ListItem","position":1,"name":"Accueil","item":"https:\/\/arial.fiole.net\/wordpress\/"},{"@type":"ListItem","position":2,"name":"\u00c9quipe","item":"https:\/\/arial.fiole.net\/wordpress\/page-equipe\/"},{"@type":"ListItem","position":3,"name":"Marine GEORGET"}]},{"@type":"WebSite","@id":"https:\/\/arial.fiole.net\/wordpress\/#website","url":"https:\/\/arial.fiole.net\/wordpress\/","name":"ArialParo","description":"","potentialAction":[{"@type":"SearchAction","target":{"@type":"EntryPoint","urlTemplate":"https:\/\/arial.fiole.net\/wordpress\/?s={search_term_string}"},"query-input":{"@type":"PropertyValueSpecification","valueRequired":true,"valueName":"search_term_string"}}],"inLanguage":"fr-FR"}]}},"_links":{"self":[{"href":"https:\/\/arial.fiole.net\/wordpress\/wp-json\/wp\/v2\/pages\/19","targetHints":{"allow":["GET"]}}],"collection":[{"href":"https:\/\/arial.fiole.net\/wordpress\/wp-json\/wp\/v2\/pages"}],"about":[{"href":"https:\/\/arial.fiole.net\/wordpress\/wp-json\/wp\/v2\/types\/page"}],"author":[{"embeddable":true,"href":"https:\/\/arial.fiole.net\/wordpress\/wp-json\/wp\/v2\/users\/1"}],"replies":[{"embeddable":true,"href":"https:\/\/arial.fiole.net\/wordpress\/wp-json\/wp\/v2\/comments?post=19"}],"version-history":[{"count":13,"href":"https:\/\/arial.fiole.net\/wordpress\/wp-json\/wp\/v2\/pages\/19\/revisions"}],"predecessor-version":[{"id":193,"href":"https:\/\/arial.fiole.net\/wordpress\/wp-json\/wp\/v2\/pages\/19\/revisions\/193"}],"up":[{"embeddable":true,"href":"https:\/\/arial.fiole.net\/wordpress\/wp-json\/wp\/v2\/pages\/12"}],"wp:attachment":[{"href":"https:\/\/arial.fiole.net\/wordpress\/wp-json\/wp\/v2\/media?parent=19"}],"curies":[{"name":"wp","href":"https:\/\/api.w.org\/{rel}","templated":true}]}}